{"id":3974,"date":"2023-03-15T08:50:05","date_gmt":"2023-03-15T06:50:05","guid":{"rendered":"https:\/\/visitoulu.fi\/?page_id=3974"},"modified":"2023-08-01T15:57:27","modified_gmt":"2023-08-01T12:57:27","slug":"favourites","status":"publish","type":"page","link":"http:\/\/visitoulufi-2025-10-14_10_27_17.test.cchosting.fi\/en\/favourites\/","title":{"rendered":"Favourites - Make a list of your favourites in Oulu!"},"content":{"rendered":"<p class=\"has-text-align-left\">When you click on articles, products and services on VisitOulu.fi, you add them to your favourites. Your favourites are aggregated on this page so you can view them and return to them again. The purpose of the favourites list is to help you plan what to do in Oulu.<\/p>\n\n\n\n<p class=\"has-text-align-left\">You can easily get the list in your inbox by sending it to yourself from this page. There is also a map view below, where you can see the location of the products you have added to your favourites on the map.  Eat your fill, say the people of Oulu!<\/p>","protected":false},"excerpt":{"rendered":"<p>Kun painat syd\u00e4nt\u00e4 VisitOulu.fi-sivustolta l\u00f6ytyvien artikkelien, tuotteiden ja palveluiden kohdalla, lis\u00e4\u00e4t ne suosikkeihisi. Suosikkisi kootaan t\u00e4lle sivulle, jotta voit tarkastella niit\u00e4 ja palata niihin uudelleen. Suosikkilistan tarkoitus on auttaa sinua suunnittelemaan, mit\u00e4 tehd\u00e4 Oulussa. Saat listan k\u00e4tev\u00e4sti talteen s\u00e4hk\u00f6postiisi, kun l\u00e4het\u00e4t sen itsellesi t\u00e4lt\u00e4 sivulta. Alla on my\u00f6s karttan\u00e4kym\u00e4, josta n\u00e4et suosikkeihin lis\u00e4\u00e4miesi tuotteiden sijainnit [&#8230;]<\/p>\n<p><a class=\"btn btn-secondary understrap-read-more-link\" href=\"http:\/\/visitoulufi-2025-10-14_10_27_17.test.cchosting.fi\/en\/favourites\/\">Read More&#8230;<span class=\"screen-reader-text\"> from Suosikit \u2013\u00a0Tee lista omista suosikeistasi Oulussa!<\/span><\/a><\/p>","protected":false},"author":1,"featured_media":865,"parent":0,"menu_order":0,"comment_status":"closed","ping_status":"closed","template":"","meta":{"_acf_changed":false,"content-type":"","footnotes":""},"coauthors":[160],"class_list":["post-3974","page","type-page","status-publish","has-post-thumbnail","hentry"],"acf":[],"yoast_head":"<!-- This site is optimized with the Yoast SEO plugin v26.0 - https:\/\/yoast.com\/wordpress\/plugins\/seo\/ -->\n<title>Suosikit \u2013\u00a0Tee lista omista suosikeistasi Oulussa! - Visit Oulu<\/title>\n<meta name=\"robots\" content=\"index, follow, max-snippet:-1, max-image-preview:large, max-video-preview:-1\" \/>\n<link rel=\"canonical\" href=\"https:\/\/visitoulufi-2025-10-14_10_27_17.test.cchosting.fi\/en\/favourites\/\" \/>\n<meta property=\"og:locale\" content=\"en_US\" \/>\n<meta property=\"og:type\" content=\"article\" \/>\n<meta property=\"og:title\" content=\"Suosikit \u2013\u00a0Tee lista omista suosikeistasi Oulussa! - Visit Oulu\" \/>\n<meta property=\"og:description\" content=\"Kun painat syd\u00e4nt\u00e4 VisitOulu.fi-sivustolta l\u00f6ytyvien artikkelien, tuotteiden ja palveluiden kohdalla, lis\u00e4\u00e4t ne suosikkeihisi. Suosikkisi kootaan t\u00e4lle sivulle, jotta voit tarkastella niit\u00e4 ja palata niihin uudelleen. Suosikkilistan tarkoitus on auttaa sinua suunnittelemaan, mit\u00e4 tehd\u00e4 Oulussa. Saat listan k\u00e4tev\u00e4sti talteen s\u00e4hk\u00f6postiisi, kun l\u00e4het\u00e4t sen itsellesi t\u00e4lt\u00e4 sivulta. Alla on my\u00f6s karttan\u00e4kym\u00e4, josta n\u00e4et suosikkeihin lis\u00e4\u00e4miesi tuotteiden sijainnit [...]Read More... from Suosikit \u2013\u00a0Tee lista omista suosikeistasi Oulussa!\" \/>\n<meta property=\"og:url\" content=\"https:\/\/visitoulufi-2025-10-14_10_27_17.test.cchosting.fi\/en\/favourites\/\" \/>\n<meta property=\"og:site_name\" content=\"Visit Oulu\" \/>\n<meta property=\"article:modified_time\" content=\"2023-08-01T12:57:27+00:00\" \/>\n<meta property=\"og:image\" content=\"https:\/\/visitoulufi-2025-10-14_10_27_17.test.cchosting.fi\/wp-content\/uploads\/2022\/05\/Lasaretti.jpg\" \/>\n\t<meta property=\"og:image:width\" content=\"1920\" \/>\n\t<meta property=\"og:image:height\" content=\"1080\" \/>\n\t<meta property=\"og:image:type\" content=\"image\/jpeg\" \/>\n<meta name=\"twitter:card\" content=\"summary_large_image\" \/>\n<meta name=\"twitter:label1\" content=\"Est. reading time\" \/>\n\t<meta name=\"twitter:data1\" content=\"1 minute\" \/>\n\t<meta name=\"twitter:label2\" content=\"Written by\" \/>\n\t<meta name=\"twitter:data2\" content=\"juha\" \/>\n<script type=\"application\/ld+json\" class=\"yoast-schema-graph\">{\"@context\":\"https:\/\/schema.org\",\"@graph\":[{\"@type\":\"WebPage\",\"@id\":\"https:\/\/visitoulufi-2025-10-14_10_27_17.test.cchosting.fi\/suosikit\/\",\"url\":\"https:\/\/visitoulufi-2025-10-14_10_27_17.test.cchosting.fi\/suosikit\/\",\"name\":\"Suosikit \u2013\u00a0Tee lista omista suosikeistasi Oulussa! - Visit Oulu\",\"isPartOf\":{\"@id\":\"https:\/\/visitoulufi-2025-10-14_10_27_17.test.cchosting.fi\/#website\"},\"primaryImageOfPage\":{\"@id\":\"https:\/\/visitoulufi-2025-10-14_10_27_17.test.cchosting.fi\/suosikit\/#primaryimage\"},\"image\":{\"@id\":\"https:\/\/visitoulufi-2025-10-14_10_27_17.test.cchosting.fi\/suosikit\/#primaryimage\"},\"thumbnailUrl\":\"https:\/\/visitoulufi-2025-10-14_10_27_17.test.cchosting.fi\/wp-content\/uploads\/2022\/05\/Lasaretti.jpg\",\"datePublished\":\"2023-03-15T06:50:05+00:00\",\"dateModified\":\"2023-08-01T12:57:27+00:00\",\"breadcrumb\":{\"@id\":\"https:\/\/visitoulufi-2025-10-14_10_27_17.test.cchosting.fi\/suosikit\/#breadcrumb\"},\"inLanguage\":\"en-US\",\"potentialAction\":[{\"@type\":\"ReadAction\",\"target\":[\"https:\/\/visitoulufi-2025-10-14_10_27_17.test.cchosting.fi\/suosikit\/\"]}]},{\"@type\":\"ImageObject\",\"inLanguage\":\"en-US\",\"@id\":\"https:\/\/visitoulufi-2025-10-14_10_27_17.test.cchosting.fi\/suosikit\/#primaryimage\",\"url\":\"https:\/\/visitoulufi-2025-10-14_10_27_17.test.cchosting.fi\/wp-content\/uploads\/2022\/05\/Lasaretti.jpg\",\"contentUrl\":\"https:\/\/visitoulufi-2025-10-14_10_27_17.test.cchosting.fi\/wp-content\/uploads\/2022\/05\/Lasaretti.jpg\",\"width\":1920,\"height\":1080},{\"@type\":\"BreadcrumbList\",\"@id\":\"https:\/\/visitoulufi-2025-10-14_10_27_17.test.cchosting.fi\/suosikit\/#breadcrumb\",\"itemListElement\":[{\"@type\":\"ListItem\",\"position\":1,\"name\":\"Etusivu\",\"item\":\"https:\/\/visitoulufi-2025-10-14_10_27_17.test.cchosting.fi\/\"},{\"@type\":\"ListItem\",\"position\":2,\"name\":\"Suosikit \u2013\u00a0Tee lista omista suosikeistasi Oulussa!\"}]},{\"@type\":\"WebSite\",\"@id\":\"https:\/\/visitoulufi-2025-10-14_10_27_17.test.cchosting.fi\/#website\",\"url\":\"https:\/\/visitoulufi-2025-10-14_10_27_17.test.cchosting.fi\/\",\"name\":\"Visit Oulu\",\"description\":\"\",\"potentialAction\":[{\"@type\":\"SearchAction\",\"target\":{\"@type\":\"EntryPoint\",\"urlTemplate\":\"https:\/\/visitoulufi-2025-10-14_10_27_17.test.cchosting.fi\/?s={search_term_string}\"},\"query-input\":{\"@type\":\"PropertyValueSpecification\",\"valueRequired\":true,\"valueName\":\"search_term_string\"}}],\"inLanguage\":\"en-US\"}]}<\/script>\n<!-- \/ Yoast SEO plugin. -->","yoast_head_json":{"title":"Favourites - Make a list of your favourites in Oulu - Visit Oulu","robots":{"index":"index","follow":"follow","max-snippet":"max-snippet:-1","max-image-preview":"max-image-preview:large","max-video-preview":"max-video-preview:-1"},"canonical":"https:\/\/visitoulufi-2025-10-14_10_27_17.test.cchosting.fi\/en\/favourites\/","og_locale":"en_US","og_type":"article","og_title":"Suosikit \u2013\u00a0Tee lista omista suosikeistasi Oulussa! - Visit Oulu","og_description":"Kun painat syd\u00e4nt\u00e4 VisitOulu.fi-sivustolta l\u00f6ytyvien artikkelien, tuotteiden ja palveluiden kohdalla, lis\u00e4\u00e4t ne suosikkeihisi. Suosikkisi kootaan t\u00e4lle sivulle, jotta voit tarkastella niit\u00e4 ja palata niihin uudelleen. Suosikkilistan tarkoitus on auttaa sinua suunnittelemaan, mit\u00e4 tehd\u00e4 Oulussa. Saat listan k\u00e4tev\u00e4sti talteen s\u00e4hk\u00f6postiisi, kun l\u00e4het\u00e4t sen itsellesi t\u00e4lt\u00e4 sivulta. Alla on my\u00f6s karttan\u00e4kym\u00e4, josta n\u00e4et suosikkeihin lis\u00e4\u00e4miesi tuotteiden sijainnit [...]Read More... from Suosikit \u2013\u00a0Tee lista omista suosikeistasi Oulussa!","og_url":"https:\/\/visitoulufi-2025-10-14_10_27_17.test.cchosting.fi\/en\/favourites\/","og_site_name":"Visit Oulu","article_modified_time":"2023-08-01T12:57:27+00:00","og_image":[{"width":1920,"height":1080,"url":"https:\/\/visitoulufi-2025-10-14_10_27_17.test.cchosting.fi\/wp-content\/uploads\/2022\/05\/Lasaretti.jpg","type":"image\/jpeg"}],"twitter_card":"summary_large_image","twitter_misc":{"Est. reading time":"1 minute","Written by":"juha"},"schema":{"@context":"https:\/\/schema.org","@graph":[{"@type":"WebPage","@id":"https:\/\/visitoulufi-2025-10-14_10_27_17.test.cchosting.fi\/suosikit\/","url":"https:\/\/visitoulufi-2025-10-14_10_27_17.test.cchosting.fi\/suosikit\/","name":"Favourites - Make a list of your favourites in Oulu - Visit Oulu","isPartOf":{"@id":"https:\/\/visitoulufi-2025-10-14_10_27_17.test.cchosting.fi\/#website"},"primaryImageOfPage":{"@id":"https:\/\/visitoulufi-2025-10-14_10_27_17.test.cchosting.fi\/suosikit\/#primaryimage"},"image":{"@id":"https:\/\/visitoulufi-2025-10-14_10_27_17.test.cchosting.fi\/suosikit\/#primaryimage"},"thumbnailUrl":"https:\/\/visitoulufi-2025-10-14_10_27_17.test.cchosting.fi\/wp-content\/uploads\/2022\/05\/Lasaretti.jpg","datePublished":"2023-03-15T06:50:05+00:00","dateModified":"2023-08-01T12:57:27+00:00","breadcrumb":{"@id":"https:\/\/visitoulufi-2025-10-14_10_27_17.test.cchosting.fi\/suosikit\/#breadcrumb"},"inLanguage":"en-US","potentialAction":[{"@type":"ReadAction","target":["https:\/\/visitoulufi-2025-10-14_10_27_17.test.cchosting.fi\/suosikit\/"]}]},{"@type":"ImageObject","inLanguage":"en-US","@id":"https:\/\/visitoulufi-2025-10-14_10_27_17.test.cchosting.fi\/suosikit\/#primaryimage","url":"https:\/\/visitoulufi-2025-10-14_10_27_17.test.cchosting.fi\/wp-content\/uploads\/2022\/05\/Lasaretti.jpg","contentUrl":"https:\/\/visitoulufi-2025-10-14_10_27_17.test.cchosting.fi\/wp-content\/uploads\/2022\/05\/Lasaretti.jpg","width":1920,"height":1080},{"@type":"BreadcrumbList","@id":"https:\/\/visitoulufi-2025-10-14_10_27_17.test.cchosting.fi\/suosikit\/#breadcrumb","itemListElement":[{"@type":"ListItem","position":1,"name":"Etusivu","item":"https:\/\/visitoulufi-2025-10-14_10_27_17.test.cchosting.fi\/"},{"@type":"ListItem","position":2,"name":"Suosikit \u2013\u00a0Tee lista omista suosikeistasi Oulussa!"}]},{"@type":"WebSite","@id":"https:\/\/visitoulufi-2025-10-14_10_27_17.test.cchosting.fi\/#website","url":"https:\/\/visitoulufi-2025-10-14_10_27_17.test.cchosting.fi\/","name":"Visit Oulu","description":"","potentialAction":[{"@type":"SearchAction","target":{"@type":"EntryPoint","urlTemplate":"https:\/\/visitoulufi-2025-10-14_10_27_17.test.cchosting.fi\/?s={search_term_string}"},"query-input":{"@type":"PropertyValueSpecification","valueRequired":true,"valueName":"search_term_string"}}],"inLanguage":"en-US"}]}},"_links":{"self":[{"href":"http:\/\/visitoulufi-2025-10-14_10_27_17.test.cchosting.fi\/en\/wp-json\/wp\/v2\/pages\/3974","targetHints":{"allow":["GET"]}}],"collection":[{"href":"http:\/\/visitoulufi-2025-10-14_10_27_17.test.cchosting.fi\/en\/wp-json\/wp\/v2\/pages"}],"about":[{"href":"http:\/\/visitoulufi-2025-10-14_10_27_17.test.cchosting.fi\/en\/wp-json\/wp\/v2\/types\/page"}],"author":[{"embeddable":true,"href":"http:\/\/visitoulufi-2025-10-14_10_27_17.test.cchosting.fi\/en\/wp-json\/wp\/v2\/users\/1"}],"replies":[{"embeddable":true,"href":"http:\/\/visitoulufi-2025-10-14_10_27_17.test.cchosting.fi\/en\/wp-json\/wp\/v2\/comments?post=3974"}],"version-history":[{"count":3,"href":"http:\/\/visitoulufi-2025-10-14_10_27_17.test.cchosting.fi\/en\/wp-json\/wp\/v2\/pages\/3974\/revisions"}],"predecessor-version":[{"id":5296,"href":"http:\/\/visitoulufi-2025-10-14_10_27_17.test.cchosting.fi\/en\/wp-json\/wp\/v2\/pages\/3974\/revisions\/5296"}],"wp:featuredmedia":[{"embeddable":true,"href":"http:\/\/visitoulufi-2025-10-14_10_27_17.test.cchosting.fi\/en\/wp-json\/wp\/v2\/media\/865"}],"wp:attachment":[{"href":"http:\/\/visitoulufi-2025-10-14_10_27_17.test.cchosting.fi\/en\/wp-json\/wp\/v2\/media?parent=3974"}],"wp:term":[{"taxonomy":"author","embeddable":true,"href":"http:\/\/visitoulufi-2025-10-14_10_27_17.test.cchosting.fi\/en\/wp-json\/wp\/v2\/coauthors?post=3974"}],"curies":[{"name":"wp","href":"https:\/\/api.w.org\/{rel}","templated":true}]}}